{"id":2,"date":"2024-07-12T21:27:30","date_gmt":"2024-07-12T21:27:30","guid":{"rendered":"http:\/\/iqh3d.provizona.local\/?page_id=2"},"modified":"2026-02-11T15:50:38","modified_gmt":"2026-02-11T15:50:38","slug":"technology","status":"publish","type":"page","link":"https:\/\/iqh3dmedia.com\/es\/technology\/","title":{"rendered":"C\u00f3mo funciona"},"content":{"rendered":"<h3 class=\"wp-block-heading has-normal-font-size translation-block\" id=\"HowItWorks\">Caracter\u00edsticas del centro multimedia IQH3D:<\/h3>\n\n\n\n<ul class=\"wp-block-list\">\n<li class=\"translation-block\"><strong>Plataforma integrada <\/strong>\u2013 Una plataforma integrada de hardware y software que convierte su contenido 2D al formato IQH3D de alta calidad y lo env\u00eda a sus <a href=\"http:\/\/iqh3d.com\" target=\"_self\">dispositivos IQH3D<\/a> sin gafas para su reproducci\u00f3n local o remota.<\/li>\n\n\n\n<li class=\"translation-block\"><strong>Conversi\u00f3n mediante IA basada en la nube<\/strong> y optimizaci\u00f3n de su contenido 2D al formato IQH3D de alta calidad.<\/li>\n\n\n\n<li class=\"translation-block\"><strong>Entrega electr\u00f3nica<\/strong> de su contenido convertido con formato IQH3D desde la nube a la biblioteca del centro multimedia de su dispositivo IQH3D local para una reproducci\u00f3n local consistente y de alta calidad.<\/li>\n\n\n\n<li><strong>Portal del cliente para la gesti\u00f3n de contenidos <\/strong>\u2013 Un sistema de portal de cliente para computaci\u00f3n en la nube excepcional que permite una interacci\u00f3n fluida con el centro multimedia desde cualquier lugar.<\/li>\n<\/ul>\n\n\n\n<div style=\"height:44px\" aria-hidden=\"true\" class=\"wp-block-spacer\"><\/div>\n\n\n\n<h3 class=\"wp-block-heading has-normal-font-size\" id=\"HowItWorks\"> Descripci\u00f3n general del centro multimedia IQH3D:<\/h3>\n\n\n\n<figure class=\"wp-block-image aligncenter size-large is-resized\"><img loading=\"lazy\" decoding=\"async\" width=\"791\" height=\"1024\" src=\"https:\/\/iqh3dmedia.com\/wp-content\/uploads\/2025\/10\/MC_Diag1_es.jpg\" alt=\"\" class=\"wp-image-3874\" style=\"width:667px;height:auto\" srcset=\"https:\/\/iqh3dmedia.com\/wp-content\/uploads\/2025\/10\/MC_Diag1_es.jpg 816w, https:\/\/iqh3dmedia.com\/wp-content\/uploads\/2025\/10\/MC_Diag1_es-232x300.jpg 232w, https:\/\/iqh3dmedia.com\/wp-content\/uploads\/2025\/10\/MC_Diag1_es-791x1024.jpg 791w, https:\/\/iqh3dmedia.com\/wp-content\/uploads\/2025\/10\/MC_Diag1_es-768x994.jpg 768w, https:\/\/iqh3dmedia.com\/wp-content\/uploads\/2025\/10\/MC_Diag1_es-9x12.jpg 9w\" sizes=\"(max-width: 791px) 100vw, 791px\" \/><\/figure>\n\n\n\n<div style=\"height:24px\" aria-hidden=\"true\" class=\"wp-block-spacer\"><\/div>\n\n\n\n<h3 class=\"wp-block-heading has-normal-font-size\" id=\"HowItWorks\">La pantalla 3D sin lentes multivisi\u00f3n IQH3D:<\/h3>\n\n\n\n<ul class=\"wp-block-list\">\n<li>Cuenta con un sistema \u00f3ptico 3D sin gafas que ofrece im\u00e1genes diferentes a cada ojo del espectador, lo que proporciona una experiencia de visualizaci\u00f3n 3D autoestereosc\u00f3pica c\u00f3moda y envolvente.<br><\/li>\n\n\n\n<li>La distancia \u00f3ptima de visualizaci\u00f3n 3D de nuestras pantallas de gran formato oscila entre aproximadamente 3 y 10 metros, lo que proporciona flexibilidad para aplicaciones que requieren distancia, como la se\u00f1alizaci\u00f3n digital, as\u00ed como para aquellas que se ven a corta distancia.<br><\/li>\n\n\n\n<li>Nuestra tecnolog\u00eda de visualizaci\u00f3n multivisi\u00f3n es una combinaci\u00f3n patentada de hardware, middleware y software avanzados, perfectamente sincronizados gracias a a\u00f1os de investigaci\u00f3n y desarrollo en el \u00e1mbito de la transmisi\u00f3n \u00f3ptica en 3D.<\/li>\n<\/ul>\n\n\n\n<div style=\"height:24px\" aria-hidden=\"true\" class=\"wp-block-spacer\"><\/div>\n\n\n\n<h3 class=\"wp-block-heading has-normal-font-size\" id=\"HowItWorks\">Tecnolog\u00eda \u00f3ptica de visualizaci\u00f3n 3D multivisi\u00f3n sin lentes IQH3D: c\u00f3mo funciona<\/h3>\n\n\n\n<div style=\"height:24px\" aria-hidden=\"true\" class=\"wp-block-spacer\"><\/div>\n\n\n\n<style>\n.video-container {\n  position: relative;\n  width: 100%;\n  max-width: 800px;\n  margin: 0 auto;\n  aspect-ratio: 16 \/ 9;\n  background-color: black;\n  overflow: hidden;\n}\n\n.video-container video {\n  width: 100%;\n  height: 100%;\n  object-fit: cover;\n  background-color: black;\n}\n\/* Hide native controls initially *\/\n\/* .video-container video::-webkit-media-controls {\n  display: none !important;\n}\n*\/\n\n.play-button-alt {\n  position: absolute;\n  top: 50%;\n  left: 50%;\n  transform: translate(-50%, -50%);\n  z-index: 2;\n  width: 80px;\n  height: 80px;\n  background: rgba(255, 255, 255, 0.7);\n  border-radius: 50%;\n  cursor: pointer;\n  display: flex;\n  align-items: center;\n  justify-content: center;\n}\n\n.play-button-alt::before {\n  content: '';\n  display: block;\n  width: 0;\n  height: 0;\n  border-left: 20px solid black;\n  border-top: 12px solid transparent;\n  border-bottom: 12px solid transparent;\n}\n<\/style>\n\n<div class=\"video-container\">\n  <video id=\"customVideo5\" preload=\"metadata\" playsinline>\n    <source src=\"https:\/\/iqh3dmedia.com\/wp-content\/uploads\/2025\/12\/Optical1_spa_v1.mp4\" type=\"video\/mp4\">\n  <\/video>\n  <div class=\"play-button-alt\" id=\"customPlay5\"><\/div>\n<\/div>\n\n<script>\n(function() {\n  const Video5 = document.getElementById('customVideo5');\n  const playButton5 = document.getElementById('customPlay5');\n\n  Video5.addEventListener('loadedmetadata', () => {\n    Video5.currentTime = 0.01;\n  });\n\n  playButton5.addEventListener('click', () => {\n    Video5.setAttribute('controls', 'controls');\n    Video5.play();\n    playButton5.style.display = 'none';\n  });\n})();\n<\/script>\n\n\n\n<div style=\"height:26px\" aria-hidden=\"true\" class=\"wp-block-spacer\"><\/div>\n\n\n\n<div style=\"height:43px\" aria-hidden=\"true\" class=\"wp-block-spacer\"><\/div>\n\n\n\n<h3 class=\"wp-block-heading has-normal-font-size\" id=\"HowItWorks\">Descripci\u00f3n general del sistema de reproducci\u00f3n del Centro multimedia IQH3D<\/h3>\n\n\n\n<ul class=\"wp-block-list\">\n<li><strong>Reproducci\u00f3n local <\/strong>- Una interfaz galardonada basada en sistemas abiertos para la gesti\u00f3n de contenido 3D y reproducci\u00f3n local en cualquier dispositivo 3D sin lentes IQH3D<\/li>\n<\/ul>\n\n\n\n<ul class=\"wp-block-list\">\n<li><strong>Reproducci\u00f3n remota<\/strong> \u2013 La funci\u00f3n de conversaci\u00f3n privada del portal del cliente le permite solicitar programaciones de reproducci\u00f3n en 3D que configuramos para usted mediante nuestro sistema basado en la nube, para gestionar y reproducir de forma remota contenido en sus pantallas espaciales ultrainmersivas en 3D sin necesidad de gafas. Ideal para aplicaciones de se\u00f1alizaci\u00f3n sin supervisi\u00f3n.<\/li>\n<\/ul>\n\n\n\n<div style=\"height:26px\" aria-hidden=\"true\" class=\"wp-block-spacer\"><\/div>\n\n\n\n<h3 class=\"wp-block-heading has-normal-font-size\" id=\"HowItWorks\">El sistema de reproducci\u00f3n: c\u00f3mo funciona<\/h3>\n\n\n\n<div style=\"height:26px\" aria-hidden=\"true\" class=\"wp-block-spacer\"><\/div>\n\n\n\n<style>\n.video-container {\n  position: relative;\n  width: 100%;\n  max-width: 800px;\n  margin: 0 auto;\n  aspect-ratio: 16 \/ 9;\n  background-color: black;\n  overflow: hidden;\n}\n\n.video-container video {\n  width: 100%;\n  height: 100%;\n  object-fit: cover;\n  background-color: black;\n}\n\/* Hide native controls initially *\/\n\/*\n.video-container video::-webkit-media-controls {\n  display: none !important;\n}\n*\/\n.play-button-alt {\n  position: absolute;\n  top: 50%;\n  left: 50%;\n  transform: translate(-50%, -50%);\n  z-index: 2;\n  width: 80px;\n  height: 80px;\n  background: rgba(255, 255, 255, 0.7);\n  border-radius: 50%;\n  cursor: pointer;\n  display: flex;\n  align-items: center;\n  justify-content: center;\n}\n\n.play-button-alt::before {\n  content: '';\n  display: block;\n  width: 0;\n  height: 0;\n  border-left: 20px solid black;\n  border-top: 12px solid transparent;\n  border-bottom: 12px solid transparent;\n}\n<\/style>\n\n<div class=\"video-container\">\n  <video id=\"customVideo6\" preload=\"metadata\" playsinline>\n    <source src=\"https:\/\/iqh3dmedia.com\/wp-content\/uploads\/2026\/01\/Playback1_spa_v1.mp4\" type=\"video\/mp4\">\n  <\/video>\n  <div class=\"play-button-alt\" id=\"customPlay6\"><\/div>\n<\/div>\n\n<script>\n(function() {\n  const Video6 = document.getElementById('customVideo6');\n  const playButton6 = document.getElementById('customPlay6');\n\n  Video6.addEventListener('loadedmetadata', () => {\n    Video6.currentTime = 0.01;\n  });\n\n  playButton6.addEventListener('click', () => {\n    Video6.setAttribute('controls', 'controls');\n    Video6.play();\n    playButton6.style.display = 'none';\n  });\n})();\n<\/script>\n\n\n\n<div style=\"height:45px\" aria-hidden=\"true\" class=\"wp-block-spacer\"><\/div>\n\n\n\n<h3 class=\"wp-block-heading has-normal-font-size\" id=\"HowItWorks\">El portal del cliente: c\u00f3mo funciona<\/h3>\n\n\n\n<div style=\"height:29px\" aria-hidden=\"true\" class=\"wp-block-spacer\"><\/div>\n\n\n\n<style>\n.video-container {\n  position: relative;\n  width: 100%;\n  max-width: 800px;\n  margin: 0 auto;\n  aspect-ratio: 16 \/ 9;\n  background-color: black;\n  overflow: hidden;\n}\n\n.video-container video {\n  width: 100%;\n  height: 100%;\n  object-fit: cover;\n  background-color: black;\n}\n\n\/* Hide native controls initially *\/\n\/* .video-container video::-webkit-media-controls {\n  display: none !important;\n}\n*\/\n\n.play-button-alt {\n  position: absolute;\n  top: 50%;\n  left: 50%;\n  transform: translate(-50%, -50%);\n  z-index: 2;\n  width: 80px;\n  height: 80px;\n  background: rgba(255, 255, 255, 0.7);\n  border-radius: 50%;\n  cursor: pointer;\n  display: flex;\n  align-items: center;\n  justify-content: center;\n}\n\n.play-button-alt::before {\n  content: '';\n  display: block;\n  width: 0;\n  height: 0;\n  border-left: 20px solid black;\n  border-top: 12px solid transparent;\n  border-bottom: 12px solid transparent;\n}\n<\/style>\n\n<div class=\"video-container\">\n  <video id=\"customVideo4\" preload=\"metadata\" playsinline>\n    <source src=\"https:\/\/iqh3dmedia.com\/wp-content\/uploads\/2026\/01\/Portal1_spa_v1.mp4\"         type=\"video\/mp4\">     \n  <\/video>\n  <div class=\"play-button-alt\" id=\"customPlay4\"><\/div>\n<\/div>\n\n<script>\n(function() {\n  const video4 = document.getElementById('customVideo4');\n  const playButton4 = document.getElementById('customPlay4');\n\n  video4.addEventListener('loadedmetadata', () => {\n    video4.currentTime = 0.01;\n  });\n\n  playButton4.addEventListener('click', () => {\n    video4.setAttribute('controls', 'controls');\n    video4.play();\n    playButton4.style.display = 'none';\n  });\n})();\n<\/script>\n\n\n\n<div style=\"height:43px\" aria-hidden=\"true\" class=\"wp-block-spacer\"><\/div>\n\n\n\n<h3 class=\"wp-block-heading has-normal-font-size\" id=\"HowItWorks\">Los controles de la pantalla de 65 pulgadas: c\u00f3mo funcionan<\/h3>\n\n\n\n<div style=\"height:29px\" aria-hidden=\"true\" class=\"wp-block-spacer\"><\/div>\n\n\n\n<style>\n.video-container {\n  position: relative;\n  width: 100%;\n  max-width: 800px;\n  margin: 0 auto;\n  aspect-ratio: 16 \/ 9;\n  background-color: black;\n  overflow: hidden;\n}\n\n.video-container video {\n  width: 100%;\n  height: 100%;\n  object-fit: cover;\n  background-color: black;\n}\n\/* Hide native controls initially *\/\n\/* .video-container video::-webkit-media-controls {\n  display: none !important;\n}\n*\/\n\n.play-button-alt {\n  position: absolute;\n  top: 50%;\n  left: 50%;\n  transform: translate(-50%, -50%);\n  z-index: 2;\n  width: 80px;\n  height: 80px;\n  background: rgba(255, 255, 255, 0.7);\n  border-radius: 50%;\n  cursor: pointer;\n  display: flex;\n  align-items: center;\n  justify-content: center;\n}\n\n.play-button-alt::before {\n  content: '';\n  display: block;\n  width: 0;\n  height: 0;\n  border-left: 20px solid black;\n  border-top: 12px solid transparent;\n  border-bottom: 12px solid transparent;\n}\n<\/style>\n\n<div class=\"video-container\">\n  <video id=\"customvideo7\" preload=\"metadata\" playsinline>\n    <source src=\"https:\/\/iqh3dmedia.com\/wp-content\/uploads\/2026\/01\/Playbackcontrol_spa_v1.mp4\" type=\"video\/mp4\">\n  <\/video>\n  <div class=\"play-button-alt\" id=\"customPlay7\"><\/div>\n<\/div>\n\n<script>\n(function() {\n  const video7 = document.getElementById('customvideo7');\n  const playButton7 = document.getElementById('customPlay7');\n\n  video7.addEventListener('loadedmetadata', () => {\n    video7.currentTime = 0.01;\n  });\n\n  playButton7.addEventListener('click', () => {\n    video7.setAttribute('controls', 'controls');\n    video7.play();\n    playButton7.style.display = 'none';\n  });\n})();\n<\/script>\n\n\n\n\n\n<div class=\"wp-block-group is-layout-constrained wp-block-group-is-layout-constrained\">\n<div class=\"wp-block-group is-layout-flow wp-container-core-group-is-layout-2 wp-block-group-is-layout-flow\">\n<div class=\"wp-block-group wp-block-group-heading is-layout-flow wp-block-group-is-layout-flow\">\n<h6 class=\"wp-block-heading has-text-align-center has-body-text-color has-text-color has-medium-font-size\" style=\"font-style:normal;font-weight:600;line-height:1.8;text-transform:uppercase\">Cont\u00e1ctenos<\/h6>\n\n\n\n<h2 class=\"wp-block-heading has-text-align-center\"> Listo para aprender m\u00e1s <br>\u00bfY probarlo?<\/h2>\n<\/div>\n\n\n\n<div class=\"wp-block-buttons is-content-justification-center is-layout-flex wp-container-core-buttons-is-layout-1 wp-block-buttons-is-layout-flex\">\n<div class=\"wp-block-button\"><a class=\"wp-block-button__link wp-element-button\" href=\"https:\/\/iqh3dmedia.com\/es\/applications\/\">D\u00f3nde Usarlo<\/a><\/div>\n\n\n\n<div class=\"wp-block-button\"><a class=\"wp-block-button__link wp-element-button\" href=\"https:\/\/iqh3dmedia.com\/es\/subscribe\/\">C\u00f3mo Probarlo<\/a><\/div>\n<\/div>\n<\/div>\n<\/div>\n\n\n\n<p><\/p>","protected":false},"excerpt":{"rendered":"<p>IQH3D Media Center Features: IQH3D Media Center Overview: The IQH3D Multi-Viewer Glasses-Free 3D Display: The IQH3D Multi-Viewer Glasses-Free 3D Optical Technology: How It Works IQH3D Media Center Playback System: The Playback System: How It Works The Client Portal: How it Works Multi-Viewer 65-inch Spatial Display Controls: How They Work Contact US Ready to find out [&hellip;]<\/p>","protected":false},"author":3454,"featured_media":0,"parent":0,"menu_order":0,"comment_status":"closed","ping_status":"closed","template":"","meta":{"footnotes":""},"class_list":["post-2","page","type-page","status-publish","hentry"],"_links":{"self":[{"href":"https:\/\/iqh3dmedia.com\/es\/wp-json\/wp\/v2\/pages\/2"}],"collection":[{"href":"https:\/\/iqh3dmedia.com\/es\/wp-json\/wp\/v2\/pages"}],"about":[{"href":"https:\/\/iqh3dmedia.com\/es\/wp-json\/wp\/v2\/types\/page"}],"author":[{"embeddable":true,"href":"https:\/\/iqh3dmedia.com\/es\/wp-json\/wp\/v2\/users\/3454"}],"replies":[{"embeddable":true,"href":"https:\/\/iqh3dmedia.com\/es\/wp-json\/wp\/v2\/comments?post=2"}],"version-history":[{"count":147,"href":"https:\/\/iqh3dmedia.com\/es\/wp-json\/wp\/v2\/pages\/2\/revisions"}],"predecessor-version":[{"id":4418,"href":"https:\/\/iqh3dmedia.com\/es\/wp-json\/wp\/v2\/pages\/2\/revisions\/4418"}],"wp:attachment":[{"href":"https:\/\/iqh3dmedia.com\/es\/wp-json\/wp\/v2\/media?parent=2"}],"curies":[{"name":"wp","href":"https:\/\/api.w.org\/{rel}","templated":true}]}}