{"id":2069,"date":"2024-08-30T15:28:05","date_gmt":"2024-08-30T15:28:05","guid":{"rendered":"http:\/\/iqh3dmedia.local\/?page_id=2069"},"modified":"2025-09-09T20:33:31","modified_gmt":"2025-09-09T20:33:31","slug":"cookie-privacy-policy","status":"publish","type":"page","link":"https:\/\/iqh3dmedia.com\/es\/cookie-privacy-policy\/","title":{"rendered":"Pol\u00edtica de privacidad de cookies"},"content":{"rendered":"<h4 class=\"wp-block-heading\">1. <strong>Introducci\u00f3n<\/strong><\/h4>\n\n\n\n<p>IQH3D Media Center (\u00abnosotros\u00bb, \u00abnos\u00bb o \u00abnuestro\u00bb) utiliza cookies (archivos de navegaci\u00f3n) y tecnolog\u00edas de seguimiento similares para mejorar su experiencia en nuestro sitio web y nuestros servicios. Esta Pol\u00edtica de cookies explica qu\u00e9 son los cookies, c\u00f3mo las utilizamos y cu\u00e1les son sus opciones con respecto a su uso.<\/p>\n\n\n\n<p>Al utilizar nuestro sitio web o nuestros servicios, usted acepta el uso de cookies tal y como se describe en esta pol\u00edtica.<\/p>\n\n\n\n<p><\/p>\n\n\n\n<h4 class=\"wp-block-heading\">2. <strong>\u00bfQu\u00e9 son los cookies?<\/strong><\/h4>\n\n\n\n<p>Cookies son peque\u00f1os archivos de texto que se almacenan en su dispositivo (computadora, tableta o dispositivo m\u00f3vil) cuando visita un sitio web. Se utilizan ampliamente para que los sitios web funcionen de manera m\u00e1s eficiente, as\u00ed como para proporcionar informaci\u00f3n a los propietarios del sitio.<\/p>\n\n\n\n<p>Cookies pueden ser \u00abcookies de sesi\u00f3n\u00bb, que se eliminan al cerrar el navegador, o \u00abcookies persistentes\u00bb, que permanecen en su dispositivo durante un periodo de tiempo determinado o hasta que usted las elimine.<\/p>\n\n\n\n<p><\/p>\n\n\n\n<h4 class=\"wp-block-heading\">3. <strong>C\u00f3mo utilizamos cookies<\/strong><\/h4>\n\n\n\n<p>Utilizamos cookies para diversos fines, entre los que se incluyen:<\/p>\n\n\n\n<ul class=\"wp-block-list\">\n<li><strong>Cookies esenciales:<\/strong> Estos cookies son necesarias para el funcionamiento de nuestro sitio web. Le permiten navegar por nuestro sitio y utilizar sus funciones, como acceder a \u00e1reas seguras.<\/li>\n\n\n\n<li><strong>Cookies de rendimiento y an\u00e1lisis:<\/strong> Estos cookies nos ayudan a comprender c\u00f3mo interact\u00faan los visitantes con nuestro sitio web mediante la recopilaci\u00f3n de informaci\u00f3n de forma an\u00f3nima. Esto nos ayuda a mejorar la funcionalidad de nuestro sitio y adaptarlo a sus preferencias.<\/li>\n\n\n\n<li><strong>Cookies de funcionalidad:<\/strong> Estos cookies permiten que nuestro sitio web recuerde las opciones que eliges, como tus preferencias de idioma, para ofrecerte una experiencia m\u00e1s personalizada.<\/li>\n\n\n\n<li><strong>Cookies de segmentaci\u00f3n y publicidad:<\/strong> Estos cookies se utilizan para ofrecer anuncios m\u00e1s relevantes para usted y sus intereses. Tambi\u00e9n pueden utilizarse para limitar el n\u00famero de veces que ve un anuncio y ayudar a medir la eficacia de las campa\u00f1as publicitarias.<br><\/li>\n<\/ul>\n\n\n\n<p><\/p>\n\n\n\n<h4 class=\"wp-block-heading\">4. <strong>Cookies de terceros<\/strong><\/h4>\n\n\n\n<p>Podemos permitir que terceros proveedores de servicios coloquen cookies en su dispositivo a trav\u00e9s de nuestro sitio web para ayudarnos en diversas actividades, como an\u00e1lisis y publicidad. Estos terceros pueden recopilar informaci\u00f3n sobre sus actividades en l\u00ednea a lo largo del tiempo y en diferentes sitios web cuando utiliza nuestro sitio.<\/p>\n\n\n\n<p>We do not control these third-party cookies, and their use is governed by the privacy policies of the third-party providers, such as Google Analytics, Facebook, etc.<br><\/p>\n\n\n\n<p><\/p>\n\n\n\n<h4 class=\"wp-block-heading\">5. <strong>Sus opciones de cookies<\/strong><\/h4>\n\n\n\n<p>Tiene varias opciones para administrar los cookies en su dispositivo:<\/p>\n\n\n\n<ul class=\"wp-block-list\">\n<li><strong>Configuraci\u00f3n del navegador:<\/strong> La mayor\u00eda de los navegadores web le permiten controlar los cookies a trav\u00e9s de sus preferencias de configuraci\u00f3n. Puede configurar su navegador para que rechace los cookies o para que le avise cuando se env\u00eden cookies. Sin embargo, si desactiva o rechaza los cookies, es posible que algunas partes de nuestro sitio web no funcionen correctamente.<\/li>\n\n\n\n<li><strong>Herramientas de exclusion:<\/strong> Puede desactivar determinados cookies, en particular los cookies de seguimiento de terceros, utilizando herramientas proporcionadas por organizaciones externas, como Network Advertising Initiative (NAI) y Digital Advertising Alliance (DAA).<\/li>\n\n\n\n<li><strong>Plataformas de gesti\u00f3n del consentimiento:<\/strong> Algunas regiones pueden exigir a los usuarios que den su consentimiento para el uso de cookies. Podemos proporcionar una herramienta de gesti\u00f3n del consentimiento que le permita controlar sus preferencias de cookies directamente desde nuestro sitio web.<br><\/li>\n<\/ul>\n\n\n\n<p><\/p>\n\n\n\n<h4 class=\"wp-block-heading\">6. <strong>Cambios en esta Pol\u00edtica de cookies<\/strong><\/h4>\n\n\n\n<p>Podemos actualizar esta Pol\u00edtica de cookies peri\u00f3dicamente para reflejar cambios en la tecnolog\u00eda, los requisitos legales o nuestras pr\u00e1cticas. Le notificaremos cualquier cambio sustancial mediante la publicaci\u00f3n de la nueva Pol\u00edtica de cookies en nuestro sitio web con una fecha de \u00ab\u00daltima actualizaci\u00f3n\u00bb actualizada en la parte superior de la pol\u00edtica.<br><\/p>\n\n\n\n<p><\/p>\n\n\n\n<h4 class=\"wp-block-heading\">7. <strong>Cont\u00e1ctenos<\/strong><\/h4>\n\n\n\n<p>Si tiene alguna pregunta sobre esta Pol\u00edtica de cookies o sobre nuestro uso de cookies, p\u00f3ngase en contacto con nosotros en:<\/p>\n\n\n\n<ul class=\"wp-block-list\">\n<li><strong>Correo electr\u00f3nico:<\/strong><br><a href=\"mailto:info@iqh3dmedia.com\">info@iqh3dmedia.com<\/a><br><br><\/li>\n\n\n\n<li><strong>Correo electr\u00f3nico:<\/strong><br><strong>Centro Multimedia IQH3D<\/strong><br><strong>4936 Yonge Street, Suite 102<\/strong><br><strong>Toronto, Ontario<br>Canada,&nbsp; M2N 6S3<\/strong><\/li>\n<\/ul>","protected":false},"excerpt":{"rendered":"<p>1. Introduction The IQH3D Media Center (&#8220;we,&#8221; &#8220;us,&#8221; or &#8220;our&#8221;), uses cookies and similar tracking technologies to enhance your experience on our website and services. This Cookies Policy explains what cookies are, how we use them, and your choices regarding their use. By using our website or services, you agree to the use of cookies [&hellip;]<\/p>","protected":false},"author":3454,"featured_media":0,"parent":0,"menu_order":0,"comment_status":"closed","ping_status":"closed","template":"","meta":{"footnotes":""},"class_list":["post-2069","page","type-page","status-publish","hentry"],"_links":{"self":[{"href":"https:\/\/iqh3dmedia.com\/es\/wp-json\/wp\/v2\/pages\/2069"}],"collection":[{"href":"https:\/\/iqh3dmedia.com\/es\/wp-json\/wp\/v2\/pages"}],"about":[{"href":"https:\/\/iqh3dmedia.com\/es\/wp-json\/wp\/v2\/types\/page"}],"author":[{"embeddable":true,"href":"https:\/\/iqh3dmedia.com\/es\/wp-json\/wp\/v2\/users\/3454"}],"replies":[{"embeddable":true,"href":"https:\/\/iqh3dmedia.com\/es\/wp-json\/wp\/v2\/comments?post=2069"}],"version-history":[{"count":11,"href":"https:\/\/iqh3dmedia.com\/es\/wp-json\/wp\/v2\/pages\/2069\/revisions"}],"predecessor-version":[{"id":2956,"href":"https:\/\/iqh3dmedia.com\/es\/wp-json\/wp\/v2\/pages\/2069\/revisions\/2956"}],"wp:attachment":[{"href":"https:\/\/iqh3dmedia.com\/es\/wp-json\/wp\/v2\/media?parent=2069"}],"curies":[{"name":"wp","href":"https:\/\/api.w.org\/{rel}","templated":true}]}}