{"id":2,"date":"2024-07-12T21:27:30","date_gmt":"2024-07-12T21:27:30","guid":{"rendered":"http:\/\/iqh3d.provizona.local\/?page_id=2"},"modified":"2026-02-11T15:50:38","modified_gmt":"2026-02-11T15:50:38","slug":"technology","status":"publish","type":"page","link":"https:\/\/iqh3dmedia.com\/fr\/technology\/","title":{"rendered":"Fonctionnement"},"content":{"rendered":"<h3 class=\"wp-block-heading has-normal-font-size translation-block\" id=\"HowItWorks\">Fonctionnalit\u00e9s du centre multim\u00e9dia\u00a0IQH3D:<\/h3>\n\n\n\n<ul class=\"wp-block-list\">\n<li class=\"translation-block\"><strong>Plateforme int\u00e9gr\u00e9e <\/strong>\u2013 Une plateforme mat\u00e9rielle et logicielle int\u00e9gr\u00e9e qui convertit votre contenu 2D au format IQH3D haute qualit\u00e9 et le transmet \u00e0 vos <a href=\"http:\/\/iqh3d.com\" target=\"_self\">appareils IQH3D<\/a> sans lunettes pour une lecture locale ou \u00e0 distance.<\/li>\n\n\n\n<li class=\"translation-block\"><strong>Conversion IA bas\u00e9e sur l\u2019informatique en nuage<\/strong> et optimisation de votre contenu 2D vers le format IQH3D de haute qualit\u00e9<\/li>\n\n\n\n<li class=\"translation-block\"><strong>Transfert \u00e9lectronique<\/strong> de votre contenu converti au format IQH3D depuis l\u2019informatique en nuage vers la biblioth\u00e8que multim\u00e9dia de votre appareil IQH3D local pour une lecture locale fluide et de haute qualit\u00e9.<\/li>\n\n\n\n<li><strong>Portail client pour la gestion de contenu <\/strong>\u2013 Un syst\u00e8me de portail client de l'informatique en nuage exceptionnel permettant une interaction transparente avec le centre multim\u00e9dia depuis n'importe quel endroit<\/li>\n<\/ul>\n\n\n\n<div style=\"height:44px\" aria-hidden=\"true\" class=\"wp-block-spacer\"><\/div>\n\n\n\n<h3 class=\"wp-block-heading has-normal-font-size\" id=\"HowItWorks\"> Pr\u00e9sentation du centre multim\u00e9dia IQH3D :<\/h3>\n\n\n\n<figure class=\"wp-block-image aligncenter size-large is-resized\"><img loading=\"lazy\" decoding=\"async\" width=\"791\" height=\"1024\" src=\"https:\/\/iqh3dmedia.com\/wp-content\/uploads\/2025\/10\/MC_Diag1_fr.jpg\" alt=\"\" class=\"wp-image-3874\" style=\"width:667px;height:auto\" srcset=\"https:\/\/iqh3dmedia.com\/wp-content\/uploads\/2025\/10\/MC_Diag1_fr.jpg 816w, https:\/\/iqh3dmedia.com\/wp-content\/uploads\/2025\/10\/MC_Diag1_fr-232x300.jpg 232w, https:\/\/iqh3dmedia.com\/wp-content\/uploads\/2025\/10\/MC_Diag1_fr-791x1024.jpg 791w, https:\/\/iqh3dmedia.com\/wp-content\/uploads\/2025\/10\/MC_Diag1_fr-768x994.jpg 768w, https:\/\/iqh3dmedia.com\/wp-content\/uploads\/2025\/10\/MC_Diag1_fr-9x12.jpg 9w\" sizes=\"(max-width: 791px) 100vw, 791px\" \/><\/figure>\n\n\n\n<div style=\"height:24px\" aria-hidden=\"true\" class=\"wp-block-spacer\"><\/div>\n\n\n\n<h3 class=\"wp-block-heading has-normal-font-size\" id=\"HowItWorks\">L'\u00e9cran 3D sans lunettes multi-vues IQH3D :<\/h3>\n\n\n\n<ul class=\"wp-block-list\">\n<li>Dispose d'un syst\u00e8me optique 3D sans lunettes qui transmet des images diff\u00e9rentes \u00e0 chaque \u0153il du spectateur, offrant ainsi une exp\u00e9rience visuelle 3D autost\u00e9r\u00e9oscopique confortable et immersive.<br><\/li>\n\n\n\n<li>La distance de visionnage 3D optimale de nos \u00e9crans grand format varie entre environ 3 et 10 m\u00e8tres, offrant ainsi une grande flexibilit\u00e9 pour les applications qui n\u00e9cessitent une certaine distance, telles que l'affichage num\u00e9rique, ainsi que pour celles qui sont visionn\u00e9es de pr\u00e8s.<br><\/li>\n\n\n\n<li>Notre technologie d'affichage multi-vues est une combinaison exclusive de mat\u00e9riel, de middleware et de logiciels avanc\u00e9s, parfaitement synchronis\u00e9s gr\u00e2ce \u00e0 des ann\u00e9es de recherche et d\u00e9veloppement dans le domaine de la transmission optique 3D.<\/li>\n<\/ul>\n\n\n\n<div style=\"height:24px\" aria-hidden=\"true\" class=\"wp-block-spacer\"><\/div>\n\n\n\n<h3 class=\"wp-block-heading has-normal-font-size\" id=\"HowItWorks\">Technologie d'affichage optique 3D multivision sans lunettes IQH3D\u00a0: comment \u00e7a marche<\/h3>\n\n\n\n<div style=\"height:24px\" aria-hidden=\"true\" class=\"wp-block-spacer\"><\/div>\n\n\n\n<style>\n.video-container {\n  position: relative;\n  width: 100%;\n  max-width: 800px;\n  margin: 0 auto;\n  aspect-ratio: 16 \/ 9;\n  background-color: black;\n  overflow: hidden;\n}\n\n.video-container video {\n  width: 100%;\n  height: 100%;\n  object-fit: cover;\n  background-color: black;\n}\n\/* Hide native controls initially *\/\n\/* .video-container video::-webkit-media-controls {\n  display: none !important;\n}\n*\/\n\n.play-button-alt {\n  position: absolute;\n  top: 50%;\n  left: 50%;\n  transform: translate(-50%, -50%);\n  z-index: 2;\n  width: 80px;\n  height: 80px;\n  background: rgba(255, 255, 255, 0.7);\n  border-radius: 50%;\n  cursor: pointer;\n  display: flex;\n  align-items: center;\n  justify-content: center;\n}\n\n.play-button-alt::before {\n  content: '';\n  display: block;\n  width: 0;\n  height: 0;\n  border-left: 20px solid black;\n  border-top: 12px solid transparent;\n  border-bottom: 12px solid transparent;\n}\n<\/style>\n\n<div class=\"video-container\">\n  <video id=\"customVideo5\" preload=\"metadata\" playsinline>\n    <source src=\"https:\/\/iqh3dmedia.com\/wp-content\/uploads\/2025\/12\/Optical1_fre_v1.mp4\" type=\"video\/mp4\">\n  <\/video>\n  <div class=\"play-button-alt\" id=\"customPlay5\"><\/div>\n<\/div>\n\n<script>\n(function() {\n  const Video5 = document.getElementById('customVideo5');\n  const playButton5 = document.getElementById('customPlay5');\n\n  Video5.addEventListener('loadedmetadata', () => {\n    Video5.currentTime = 0.01;\n  });\n\n  playButton5.addEventListener('click', () => {\n    Video5.setAttribute('controls', 'controls');\n    Video5.play();\n    playButton5.style.display = 'none';\n  });\n})();\n<\/script>\n\n\n\n<div style=\"height:26px\" aria-hidden=\"true\" class=\"wp-block-spacer\"><\/div>\n\n\n\n<div style=\"height:43px\" aria-hidden=\"true\" class=\"wp-block-spacer\"><\/div>\n\n\n\n<h3 class=\"wp-block-heading has-normal-font-size\" id=\"HowItWorks\">Aper\u00e7u du syst\u00e8me de lecture du Centre multim\u00e9dia IQH3D<\/h3>\n\n\n\n<ul class=\"wp-block-list\">\n<li><strong>Lecture locale <\/strong>-  Une interface prim\u00e9e bas\u00e9e sur des syst\u00e8mes ouverts pour la gestion de contenu 3D et la lecture locale sur n'importe quel appareil 3D sans lunettes IQH3D<\/li>\n<\/ul>\n\n\n\n<ul class=\"wp-block-list\">\n<li><strong>Lecture \u00e0 distance<\/strong> \u2013 La fonctionnalit\u00e9 de conversation priv\u00e9e du portail client vous permet de demander des programmes de lecture 3D que nous configurons pour vous \u00e0 l'aide de notre syst\u00e8me cloud, afin de g\u00e9rer et de lire \u00e0 distance du contenu sur vos \u00e9crans spatiaux 3D ultra-immersifs sans lunettes. Id\u00e9al pour les applications d'affichage dynamique sans surveillance.<\/li>\n<\/ul>\n\n\n\n<div style=\"height:26px\" aria-hidden=\"true\" class=\"wp-block-spacer\"><\/div>\n\n\n\n<h3 class=\"wp-block-heading has-normal-font-size\" id=\"HowItWorks\">Le syst\u00e8me de lecture : comment \u00e7a marche ?<\/h3>\n\n\n\n<div style=\"height:26px\" aria-hidden=\"true\" class=\"wp-block-spacer\"><\/div>\n\n\n\n<style>\n.video-container {\n  position: relative;\n  width: 100%;\n  max-width: 800px;\n  margin: 0 auto;\n  aspect-ratio: 16 \/ 9;\n  background-color: black;\n  overflow: hidden;\n}\n\n.video-container video {\n  width: 100%;\n  height: 100%;\n  object-fit: cover;\n  background-color: black;\n}\n\/* Hide native controls initially *\/\n\/*\n.video-container video::-webkit-media-controls {\n  display: none !important;\n}\n*\/\n.play-button-alt {\n  position: absolute;\n  top: 50%;\n  left: 50%;\n  transform: translate(-50%, -50%);\n  z-index: 2;\n  width: 80px;\n  height: 80px;\n  background: rgba(255, 255, 255, 0.7);\n  border-radius: 50%;\n  cursor: pointer;\n  display: flex;\n  align-items: center;\n  justify-content: center;\n}\n\n.play-button-alt::before {\n  content: '';\n  display: block;\n  width: 0;\n  height: 0;\n  border-left: 20px solid black;\n  border-top: 12px solid transparent;\n  border-bottom: 12px solid transparent;\n}\n<\/style>\n\n<div class=\"video-container\">\n  <video id=\"customVideo6\" preload=\"metadata\" playsinline>\n    <source src=\"https:\/\/iqh3dmedia.com\/wp-content\/uploads\/2026\/01\/Playback1_fre_v1.mp4\" type=\"video\/mp4\">\n  <\/video>\n  <div class=\"play-button-alt\" id=\"customPlay6\"><\/div>\n<\/div>\n\n<script>\n(function() {\n  const Video6 = document.getElementById('customVideo6');\n  const playButton6 = document.getElementById('customPlay6');\n\n  Video6.addEventListener('loadedmetadata', () => {\n    Video6.currentTime = 0.01;\n  });\n\n  playButton6.addEventListener('click', () => {\n    Video6.setAttribute('controls', 'controls');\n    Video6.play();\n    playButton6.style.display = 'none';\n  });\n})();\n<\/script>\n\n\n\n<div style=\"height:45px\" aria-hidden=\"true\" class=\"wp-block-spacer\"><\/div>\n\n\n\n<h3 class=\"wp-block-heading has-normal-font-size\" id=\"HowItWorks\">Le portail client : comment \u00e7a marche<\/h3>\n\n\n\n<div style=\"height:29px\" aria-hidden=\"true\" class=\"wp-block-spacer\"><\/div>\n\n\n\n<style>\n.video-container {\n  position: relative;\n  width: 100%;\n  max-width: 800px;\n  margin: 0 auto;\n  aspect-ratio: 16 \/ 9;\n  background-color: black;\n  overflow: hidden;\n}\n\n.video-container video {\n  width: 100%;\n  height: 100%;\n  object-fit: cover;\n  background-color: black;\n}\n\n\/* Hide native controls initially *\/\n\/* .video-container video::-webkit-media-controls {\n  display: none !important;\n}\n*\/\n\n.play-button-alt {\n  position: absolute;\n  top: 50%;\n  left: 50%;\n  transform: translate(-50%, -50%);\n  z-index: 2;\n  width: 80px;\n  height: 80px;\n  background: rgba(255, 255, 255, 0.7);\n  border-radius: 50%;\n  cursor: pointer;\n  display: flex;\n  align-items: center;\n  justify-content: center;\n}\n\n.play-button-alt::before {\n  content: '';\n  display: block;\n  width: 0;\n  height: 0;\n  border-left: 20px solid black;\n  border-top: 12px solid transparent;\n  border-bottom: 12px solid transparent;\n}\n<\/style>\n\n<div class=\"video-container\">\n  <video id=\"customVideo4\" preload=\"metadata\" playsinline>\n    <source src=\"https:\/\/iqh3dmedia.com\/wp-content\/uploads\/2026\/01\/Portal1_fre_v1.mp4\"         type=\"video\/mp4\">     \n  <\/video>\n  <div class=\"play-button-alt\" id=\"customPlay4\"><\/div>\n<\/div>\n\n<script>\n(function() {\n  const video4 = document.getElementById('customVideo4');\n  const playButton4 = document.getElementById('customPlay4');\n\n  video4.addEventListener('loadedmetadata', () => {\n    video4.currentTime = 0.01;\n  });\n\n  playButton4.addEventListener('click', () => {\n    video4.setAttribute('controls', 'controls');\n    video4.play();\n    playButton4.style.display = 'none';\n  });\n})();\n<\/script>\n\n\n\n<div style=\"height:43px\" aria-hidden=\"true\" class=\"wp-block-spacer\"><\/div>\n\n\n\n<h3 class=\"wp-block-heading has-normal-font-size\" id=\"HowItWorks\">Les commandes de l'\u00e9cran 65 pouces : comment elles fonctionnent<\/h3>\n\n\n\n<div style=\"height:29px\" aria-hidden=\"true\" class=\"wp-block-spacer\"><\/div>\n\n\n\n<style>\n.video-container {\n  position: relative;\n  width: 100%;\n  max-width: 800px;\n  margin: 0 auto;\n  aspect-ratio: 16 \/ 9;\n  background-color: black;\n  overflow: hidden;\n}\n\n.video-container video {\n  width: 100%;\n  height: 100%;\n  object-fit: cover;\n  background-color: black;\n}\n\/* Hide native controls initially *\/\n\/* .video-container video::-webkit-media-controls {\n  display: none !important;\n}\n*\/\n\n.play-button-alt {\n  position: absolute;\n  top: 50%;\n  left: 50%;\n  transform: translate(-50%, -50%);\n  z-index: 2;\n  width: 80px;\n  height: 80px;\n  background: rgba(255, 255, 255, 0.7);\n  border-radius: 50%;\n  cursor: pointer;\n  display: flex;\n  align-items: center;\n  justify-content: center;\n}\n\n.play-button-alt::before {\n  content: '';\n  display: block;\n  width: 0;\n  height: 0;\n  border-left: 20px solid black;\n  border-top: 12px solid transparent;\n  border-bottom: 12px solid transparent;\n}\n<\/style>\n\n<div class=\"video-container\">\n  <video id=\"customvideo7\" preload=\"metadata\" playsinline>\n    <source src=\"https:\/\/iqh3dmedia.com\/wp-content\/uploads\/2026\/01\/Playbackcontrol_fre_v1.mp4\" type=\"video\/mp4\">\n  <\/video>\n  <div class=\"play-button-alt\" id=\"customPlay7\"><\/div>\n<\/div>\n\n<script>\n(function() {\n  const video7 = document.getElementById('customvideo7');\n  const playButton7 = document.getElementById('customPlay7');\n\n  video7.addEventListener('loadedmetadata', () => {\n    video7.currentTime = 0.01;\n  });\n\n  playButton7.addEventListener('click', () => {\n    video7.setAttribute('controls', 'controls');\n    video7.play();\n    playButton7.style.display = 'none';\n  });\n})();\n<\/script>\n\n\n\n\n\n<div class=\"wp-block-group is-layout-constrained wp-block-group-is-layout-constrained\">\n<div class=\"wp-block-group is-layout-flow wp-container-core-group-is-layout-2 wp-block-group-is-layout-flow\">\n<div class=\"wp-block-group wp-block-group-heading is-layout-flow wp-block-group-is-layout-flow\">\n<h6 class=\"wp-block-heading has-text-align-center has-body-text-color has-text-color has-medium-font-size\" style=\"font-style:normal;font-weight:600;line-height:1.8;text-transform:uppercase\">Contactez-nous<\/h6>\n\n\n\n<h2 class=\"wp-block-heading has-text-align-center\"> Pr\u00eat \u00e0 en savoir plus <br>et \u00e0 l'essayer?<\/h2>\n<\/div>\n\n\n\n<div class=\"wp-block-buttons is-content-justification-center is-layout-flex wp-container-core-buttons-is-layout-1 wp-block-buttons-is-layout-flex\">\n<div class=\"wp-block-button\"><a class=\"wp-block-button__link wp-element-button\" href=\"https:\/\/iqh3dmedia.com\/fr\/applications\/\">O\u00f9 l'utiliser<\/a><\/div>\n\n\n\n<div class=\"wp-block-button\"><a class=\"wp-block-button__link wp-element-button\" href=\"https:\/\/iqh3dmedia.com\/fr\/subscribe\/\">Comment l'essayer<\/a><\/div>\n<\/div>\n<\/div>\n<\/div>\n\n\n\n<p><\/p>","protected":false},"excerpt":{"rendered":"<p>IQH3D Media Center Features: IQH3D Media Center Overview: The IQH3D Multi-Viewer Glasses-Free 3D Display: The IQH3D Multi-Viewer Glasses-Free 3D Optical Technology: How It Works IQH3D Media Center Playback System: The Playback System: How It Works The Client Portal: How it Works Multi-Viewer 65-inch Spatial Display Controls: How They Work Contact US Ready to find out [&hellip;]<\/p>","protected":false},"author":3454,"featured_media":0,"parent":0,"menu_order":0,"comment_status":"closed","ping_status":"closed","template":"","meta":{"footnotes":""},"class_list":["post-2","page","type-page","status-publish","hentry"],"_links":{"self":[{"href":"https:\/\/iqh3dmedia.com\/fr\/wp-json\/wp\/v2\/pages\/2"}],"collection":[{"href":"https:\/\/iqh3dmedia.com\/fr\/wp-json\/wp\/v2\/pages"}],"about":[{"href":"https:\/\/iqh3dmedia.com\/fr\/wp-json\/wp\/v2\/types\/page"}],"author":[{"embeddable":true,"href":"https:\/\/iqh3dmedia.com\/fr\/wp-json\/wp\/v2\/users\/3454"}],"replies":[{"embeddable":true,"href":"https:\/\/iqh3dmedia.com\/fr\/wp-json\/wp\/v2\/comments?post=2"}],"version-history":[{"count":147,"href":"https:\/\/iqh3dmedia.com\/fr\/wp-json\/wp\/v2\/pages\/2\/revisions"}],"predecessor-version":[{"id":4418,"href":"https:\/\/iqh3dmedia.com\/fr\/wp-json\/wp\/v2\/pages\/2\/revisions\/4418"}],"wp:attachment":[{"href":"https:\/\/iqh3dmedia.com\/fr\/wp-json\/wp\/v2\/media?parent=2"}],"curies":[{"name":"wp","href":"https:\/\/api.w.org\/{rel}","templated":true}]}}